{"id":8093,"date":"2020-07-07T12:53:00","date_gmt":"2020-07-07T10:53:00","guid":{"rendered":"https:\/\/p-i7kp07.project.space\/2022-1\/?page_id=8093"},"modified":"2020-11-25T22:19:15","modified_gmt":"2020-11-25T21:19:15","slug":"downloads","status":"publish","type":"page","link":"https:\/\/trustrc.com\/en\/news-media\/downloads\/","title":{"rendered":"Downloads"},"content":{"rendered":"<div class=\"fusion-fullwidth fullwidth-box fusion-builder-row-1 nonhundred-percent-fullwidth non-hundred-percent-height-scrolling\" style=\"--awb-border-radius-top-left:0px;--awb-border-radius-top-right:0px;--awb-border-radius-bottom-right:0px;--awb-border-radius-bottom-left:0px;--awb-flex-wrap:wrap;\" ><div class=\"fusion-builder-row fusion-row\"><div class=\"fusion-layout-column fusion_builder_column fusion-builder-column-0 fusion_builder_column_1_6 1_6 fusion-one-sixth fusion-column-first\" style=\"--awb-bg-size:cover;width:16.666666666667%;width:calc(16.666666666667% - ( ( 4% + 4% ) * 0.16666666666667 ) );margin-right: 4%;\"><div class=\"fusion-column-wrapper fusion-column-has-shadow fusion-flex-column-wrapper-legacy\"><div class=\"fusion-clearfix\"><\/div><\/div><\/div><div class=\"fusion-layout-column fusion_builder_column fusion-builder-column-1 fusion_builder_column_2_3 2_3 fusion-two-third\" style=\"--awb-bg-size:cover;width:66.666666666667%;width:calc(66.666666666667% - ( ( 4% + 4% ) * 0.66666666666667 ) );margin-right: 4%;\"><div class=\"fusion-column-wrapper fusion-column-has-shadow fusion-flex-column-wrapper-legacy\"><div class=\"fusion-text fusion-text-1\"><p><div class='w3eden wpdm_package_shortcode'><div class=\"well c2a3\">\n    <div class=\"media\">\n        <div class=\"mr-3\" align=\"left\">\n            <img decoding=\"async\" class=\"wpdm_icon\" alt=\"Icon\" src=\"https:\/\/trustrc.com\/wp-content\/plugins\/download-manager\/assets\/file-type-icons\/pdf.svg\" \/>\n        <\/div>\n        <div class=\"media-body\">\n            <h3 class=\"media-heading\" style=\"padding-top: 0px;border:0px;margin: 0 0 5px 0;font-size:12pt;\">\n                <a style=\"font-weight: 500\">TRC SERVICE PARTNER QUESTIONNAIRE<\/a>\n                        \n                <\/span>\n            <\/h3>\n            <p>F\u00fcr Servicepartner: F\u00fcllen Sie unser Questionnaire aus und wir bearbeiten Ihr Anliegen und nehmen den Kontakt zu Ihnen gerne auf.<\/p>\n\n        <\/div>\n        <div class=\"ml-3\" align=\"right\">\n            <a class='wpdm-download-link download-on-click btn btn-primary '  rel='nofollow' href='#' data-downloadurl=\"https:\/\/trustrc.com\/download\/trc-service-partner-questionnaire\/?wpdmdl=6432&refresh=69f0ed882fd931777397128\">Download<\/a>\n        <\/div>\n    <\/div>\n\n<\/div>\n<style>\n    .well.c2a3 .btn {\n        padding: 11px 30px;\n        font-size: 11pt;\n    }\n\n    .well.c2a3 .media-body {\n        font-size: 11pt;\n    }\n\n    .well.c2a3 .wpdm_icon {\n        height: 42px;\n        width: auto;\n    }<\/style>\n<\/div><div class='w3eden wpdm_package_shortcode'><div class=\"well c2a3\">\n    <div class=\"media\">\n        <div class=\"mr-3\" align=\"left\">\n            <img decoding=\"async\" class=\"wpdm_icon\" alt=\"Icon\" src=\"https:\/\/trustrc.com\/wp-content\/plugins\/download-manager\/assets\/file-type-icons\/pdf.svg\" \/>\n        <\/div>\n        <div class=\"media-body\">\n            <h3 class=\"media-heading\" style=\"padding-top: 0px;border:0px;margin: 0 0 5px 0;font-size:12pt;\">\n                <a style=\"font-weight: 500\">Checkliste f\u00fcr Neukunden<\/a>\n                        \n                <\/span>\n            <\/h3>\n            <p>F\u00fcr Neukunden: F\u00fcllen Sie die Liste f\u00fcr Neukunden im Ausland aus und senden Sie uns diese zu. Wir bearbeiten umgehend Ihr Anliegen und werden den Kontakt zu Ihnen aufnehmen.<\/p>\n\n        <\/div>\n        <div class=\"ml-3\" align=\"right\">\n            <a class='wpdm-download-link download-on-click btn btn-primary '  rel='nofollow' href='#' data-downloadurl=\"https:\/\/trustrc.com\/download\/checkliste-fuer-neukunden\/?wpdmdl=6436&refresh=69f0ed8831e511777397128\">Download<\/a>\n        <\/div>\n    <\/div>\n\n<\/div>\n<style>\n    .well.c2a3 .btn {\n        padding: 11px 30px;\n        font-size: 11pt;\n    }\n\n    .well.c2a3 .media-body {\n        font-size: 11pt;\n    }\n\n    .well.c2a3 .wpdm_icon {\n        height: 42px;\n        width: auto;\n    }<\/style>\n<\/div><\/p>\n<\/div><div class=\"fusion-clearfix\"><\/div><\/div><\/div><div class=\"fusion-layout-column fusion_builder_column fusion-builder-column-2 fusion_builder_column_1_6 1_6 fusion-one-sixth fusion-column-last\" style=\"--awb-bg-size:cover;width:16.666666666667%;width:calc(16.666666666667% - ( ( 4% + 4% ) * 0.16666666666667 ) );\"><div class=\"fusion-column-wrapper fusion-column-has-shadow fusion-flex-column-wrapper-legacy\"><div class=\"fusion-clearfix\"><\/div><\/div><\/div><\/div><\/div>\n","protected":false},"excerpt":{"rendered":"","protected":false},"author":1,"featured_media":0,"parent":8090,"menu_order":0,"comment_status":"closed","ping_status":"closed","template":"","meta":{"footnotes":"","_links_to":"","_links_to_target":""},"class_list":["post-8093","page","type-page","status-publish","hentry"],"yoast_head":"<!-- This site is optimized with the Yoast SEO plugin v25.6 - https:\/\/yoast.com\/wordpress\/plugins\/seo\/ -->\n<title>Downloads - Trust Risk Control<\/title>\n<meta name=\"robots\" content=\"noindex, nofollow\" \/>\n<meta property=\"og:locale\" content=\"en_US\" \/>\n<meta property=\"og:type\" content=\"article\" \/>\n<meta property=\"og:title\" content=\"Downloads - Trust Risk Control\" \/>\n<meta property=\"og:url\" content=\"https:\/\/trustrc.com\/en\/news-media\/downloads\/\" \/>\n<meta property=\"og:site_name\" content=\"Trust Risk Control\" \/>\n<meta property=\"article:modified_time\" content=\"2020-11-25T21:19:15+00:00\" \/>\n<meta name=\"twitter:card\" content=\"summary_large_image\" \/>\n<meta name=\"twitter:label1\" content=\"Est. reading time\" \/>\n\t<meta name=\"twitter:data1\" content=\"4 minutes\" \/>\n<script type=\"application\/ld+json\" class=\"yoast-schema-graph\">{\"@context\":\"https:\/\/schema.org\",\"@graph\":[{\"@type\":\"WebPage\",\"@id\":\"https:\/\/trustrc.com\/en\/news-media\/downloads\/\",\"url\":\"https:\/\/trustrc.com\/en\/news-media\/downloads\/\",\"name\":\"Downloads - Trust Risk Control\",\"isPartOf\":{\"@id\":\"https:\/\/trustrc.com\/en\/#website\"},\"datePublished\":\"2020-07-07T10:53:00+00:00\",\"dateModified\":\"2020-11-25T21:19:15+00:00\",\"breadcrumb\":{\"@id\":\"https:\/\/trustrc.com\/en\/news-media\/downloads\/#breadcrumb\"},\"inLanguage\":\"en-US\",\"potentialAction\":[{\"@type\":\"ReadAction\",\"target\":[\"https:\/\/trustrc.com\/en\/news-media\/downloads\/\"]}]},{\"@type\":\"BreadcrumbList\",\"@id\":\"https:\/\/trustrc.com\/en\/news-media\/downloads\/#breadcrumb\",\"itemListElement\":[{\"@type\":\"ListItem\",\"position\":1,\"name\":\"Startseite\",\"item\":\"https:\/\/trustrc.com\/en\/\"},{\"@type\":\"ListItem\",\"position\":2,\"name\":\"News &#038; Media\",\"item\":\"https:\/\/trustrc.com\/en\/news-media\/news\/\"},{\"@type\":\"ListItem\",\"position\":3,\"name\":\"Downloads\"}]},{\"@type\":\"WebSite\",\"@id\":\"https:\/\/trustrc.com\/en\/#website\",\"url\":\"https:\/\/trustrc.com\/en\/\",\"name\":\"Trust Risk Control\",\"description\":\"\",\"potentialAction\":[{\"@type\":\"SearchAction\",\"target\":{\"@type\":\"EntryPoint\",\"urlTemplate\":\"https:\/\/trustrc.com\/en\/?s={search_term_string}\"},\"query-input\":{\"@type\":\"PropertyValueSpecification\",\"valueRequired\":true,\"valueName\":\"search_term_string\"}}],\"inLanguage\":\"en-US\"}]}<\/script>\n<!-- \/ Yoast SEO plugin. -->","yoast_head_json":{"title":"Downloads - Trust Risk Control","robots":{"index":"noindex","follow":"nofollow"},"og_locale":"en_US","og_type":"article","og_title":"Downloads - Trust Risk Control","og_url":"https:\/\/trustrc.com\/en\/news-media\/downloads\/","og_site_name":"Trust Risk Control","article_modified_time":"2020-11-25T21:19:15+00:00","twitter_card":"summary_large_image","twitter_misc":{"Est. reading time":"4 minutes"},"schema":{"@context":"https:\/\/schema.org","@graph":[{"@type":"WebPage","@id":"https:\/\/trustrc.com\/en\/news-media\/downloads\/","url":"https:\/\/trustrc.com\/en\/news-media\/downloads\/","name":"Downloads - Trust Risk Control","isPartOf":{"@id":"https:\/\/trustrc.com\/en\/#website"},"datePublished":"2020-07-07T10:53:00+00:00","dateModified":"2020-11-25T21:19:15+00:00","breadcrumb":{"@id":"https:\/\/trustrc.com\/en\/news-media\/downloads\/#breadcrumb"},"inLanguage":"en-US","potentialAction":[{"@type":"ReadAction","target":["https:\/\/trustrc.com\/en\/news-media\/downloads\/"]}]},{"@type":"BreadcrumbList","@id":"https:\/\/trustrc.com\/en\/news-media\/downloads\/#breadcrumb","itemListElement":[{"@type":"ListItem","position":1,"name":"Startseite","item":"https:\/\/trustrc.com\/en\/"},{"@type":"ListItem","position":2,"name":"News &#038; Media","item":"https:\/\/trustrc.com\/en\/news-media\/news\/"},{"@type":"ListItem","position":3,"name":"Downloads"}]},{"@type":"WebSite","@id":"https:\/\/trustrc.com\/en\/#website","url":"https:\/\/trustrc.com\/en\/","name":"Trust Risk Control","description":"","potentialAction":[{"@type":"SearchAction","target":{"@type":"EntryPoint","urlTemplate":"https:\/\/trustrc.com\/en\/?s={search_term_string}"},"query-input":{"@type":"PropertyValueSpecification","valueRequired":true,"valueName":"search_term_string"}}],"inLanguage":"en-US"}]}},"_links":{"self":[{"href":"https:\/\/trustrc.com\/en\/wp-json\/wp\/v2\/pages\/8093","targetHints":{"allow":["GET"]}}],"collection":[{"href":"https:\/\/trustrc.com\/en\/wp-json\/wp\/v2\/pages"}],"about":[{"href":"https:\/\/trustrc.com\/en\/wp-json\/wp\/v2\/types\/page"}],"author":[{"embeddable":true,"href":"https:\/\/trustrc.com\/en\/wp-json\/wp\/v2\/users\/1"}],"replies":[{"embeddable":true,"href":"https:\/\/trustrc.com\/en\/wp-json\/wp\/v2\/comments?post=8093"}],"version-history":[{"count":0,"href":"https:\/\/trustrc.com\/en\/wp-json\/wp\/v2\/pages\/8093\/revisions"}],"up":[{"embeddable":true,"href":"https:\/\/trustrc.com\/en\/wp-json\/wp\/v2\/pages\/8090"}],"wp:attachment":[{"href":"https:\/\/trustrc.com\/en\/wp-json\/wp\/v2\/media?parent=8093"}],"curies":[{"name":"wp","href":"https:\/\/api.w.org\/{rel}","templated":true}]}}